{"id":99,"date":"2022-10-10T14:56:39","date_gmt":"2022-10-10T14:56:39","guid":{"rendered":"https:\/\/obelele.co.uk\/?page_id=99"},"modified":"2022-10-10T15:21:26","modified_gmt":"2022-10-10T15:21:26","slug":"apie-mus","status":"publish","type":"page","link":"https:\/\/obelele.co.uk\/?page_id=99","title":{"rendered":"Apie Mus"},"content":{"rendered":"\t\t<div data-elementor-type=\"wp-page\" data-elementor-id=\"99\" class=\"elementor elementor-99\">\n\t\t\t\t\t\t\t\t\t<section class=\"elementor-section elementor-top-section elementor-element elementor-element-649d5e5 elementor-section-boxed elementor-section-height-default elementor-section-height-default\" data-id=\"649d5e5\" data-element_type=\"section\">\n\t\t\t\t\t\t<div class=\"elementor-container elementor-column-gap-default\">\n\t\t\t\t\t<div class=\"elementor-column elementor-col-50 elementor-top-column elementor-element elementor-element-627299f\" data-id=\"627299f\" data-element_type=\"column\">\n\t\t\t<div class=\"elementor-widget-wrap elementor-element-populated\">\n\t\t\t\t\t\t\t\t<div class=\"elementor-element elementor-element-6375c86 elementor-widget elementor-widget-text-editor\" data-id=\"6375c86\" data-element_type=\"widget\" data-widget_type=\"text-editor.default\">\n\t\t\t\t<div class=\"elementor-widget-container\">\n\t\t\t<style>\/*! elementor - v3.7.8 - 02-10-2022 *\/\n.elementor-widget-text-editor.elementor-drop-cap-view-stacked .elementor-drop-cap{background-color:#818a91;color:#fff}.elementor-widget-text-editor.elementor-drop-cap-view-framed .elementor-drop-cap{color:#818a91;border:3px solid;background-color:transparent}.elementor-widget-text-editor:not(.elementor-drop-cap-view-default) .elementor-drop-cap{margin-top:8px}.elementor-widget-text-editor:not(.elementor-drop-cap-view-default) .elementor-drop-cap-letter{width:1em;height:1em}.elementor-widget-text-editor .elementor-drop-cap{float:left;text-align:center;line-height:1;font-size:50px}.elementor-widget-text-editor .elementor-drop-cap-letter{display:inline-block}<\/style>\t\t\t\t<p style=\"margin-bottom: 0px; font-stretch: normal; font-size: 17px; line-height: normal; caret-color: #000000; color: #000000;\"><span style=\"font-family: UICTFontTextStyleBody;\">T\u0117vai savo vaikams stengiasi suteikti visa, kas geriausia. Kok\u012f dar\u017eel\u012f rinktis, kaip rasti ger\u0105 mokykl\u0105, kur d\u0117ti vaik\u0105 po pamok\u0173 \u2013 \u0161ie klausimai daugeliui sukelia tikr\u0105 galvos skausm\u0105.<\/span><\/p>\n<p style=\"margin-bottom: 0px; font-stretch: normal; font-size: 17px; line-height: normal; caret-color: #000000; color: #000000;\"><span style=\"font-family: UICTFontTextStyleBody;\">\u0160iuos ir kitus t\u0117vams i\u0161kylan\u010dius klausimus s\u0117kmingai sprend\u017eia vaik\u0173 dar\u017eelis \u201eObel\u0117l\u0117\u201c, teikiantis ne tik ma\u017e\u0173j\u0173 prie\u017ei\u016bros paslaugas, bet ir vystantis popamokin\u0119 bei savaitgalin\u0119 lituanistin\u0119 veikl\u0105.<\/span><\/p>\n<p style=\"margin-bottom: 0px; font-stretch: normal; font-size: 17px; line-height: normal; caret-color: #000000; color: #000000;\"><span style=\"font-family: UICTFontTextStyleBody;\">Dar\u017eelis yra registruotas Ofsted sistemoje ir atitinka angli\u0161kus vaik\u0173 prie\u017ei\u016bros reikalavimus ir Newhamo savivaldyb\u0117je, kurios teritorijoje dar\u017eelis \u012fsik\u016br\u0119s, gav\u0119s sidabrin\u012f kokyb\u0117s \u017eenklel\u012f. Oficiali registracija suteikia t\u0117vams pasitik\u0117jim\u0105, kad dar\u017eelyje laikomasi privalom\u0173 vaik\u0173 ugdymo standart\u0173.&nbsp;<\/span><\/p>\n<p style=\"margin-bottom: 0px; font-stretch: normal; font-size: 17px; line-height: normal; min-height: 22px; caret-color: #000000; color: #000000;\">\n<\/p><p style=\"margin-bottom: 0px; font-stretch: normal; font-size: 17px; line-height: normal; caret-color: #000000; color: #000000;\"><span style=\"font-family: UICTFontTextStyleBody;\">Da\u017enai pasitaiko, kad t\u0117vai nor\u0117t\u0173 vesti vaikus \u012f lietuvi\u0161k\u0105 dar\u017eel\u012f, bet b\u016bg\u0161tauja, kad \u0161ie nu\u0117j\u0119 \u012f angli\u0161k\u0105 mokykl\u0105, nieko nesusigaudys ir nesusikalb\u0117s. Dar\u017eelyje 3\u20134 met\u0173 vaikai ne tik i\u0161moksta angli\u0161kai tiek, kiek reikalaujama pagal ikimokyklinio parengimo program\u0105, bet ir \u012fgyja bendravimo angli\u0161kai \u012fg\u016bd\u017ei\u0173.<\/span><\/p>\n<p style=\"margin-bottom: 0px; font-stretch: normal; font-size: 17px; line-height: normal; min-height: 22px; caret-color: #000000; color: #000000;\">\n<\/p><p style=\"margin-bottom: 0px; font-stretch: normal; font-size: 17px; line-height: normal; caret-color: #000000; color: #000000;\"><span style=\"font-family: UICTFontTextStyleBody;\">Vyresni\u0173j\u0173 ir ma\u017eyli\u0173 grup\u0117s turi atskirus kambarius, juos pri\u017ei\u016bri atitinkam\u0105 i\u0161silavinim\u0105 turin\u010dios ikimokyklinio ir prie\u0161mokyklinio ugdymo pedagog\u0117s.<\/span><\/p>\n<p style=\"margin-bottom: 0px; font-stretch: normal; font-size: 17px; line-height: normal; min-height: 22px; caret-color: #000000; color: #000000;\">\n<\/p><p style=\"margin-bottom: 0px; font-stretch: normal; font-size: 17px; line-height: normal; caret-color: #000000; color: #000000;\"><span style=\"font-family: UICTFontTextStyleBody;\">Dar\u017eelio darbuotojai glaud\u017eiai bendradarbiauja su t\u0117vais ir atsiliepiant \u012f j\u0173 poreikius dar\u017eelyje prad\u0117ti organizuoti ir popamokiniai u\u017esi\u0117mimai.<\/span><\/p>\n<p style=\"margin-bottom: 0px; font-stretch: normal; font-size: 17px; line-height: normal; min-height: 22px; caret-color: #000000; color: #000000;\">\n<\/p><p style=\"margin-bottom: 0px; font-stretch: normal; font-size: 17px; line-height: normal; caret-color: #000000; color: #000000;\"><span style=\"font-family: UICTFontTextStyleBody;\">O \u0161e\u0161tadieniais, kai dar\u017eelis neveikia, patalpas u\u017eima lituanistin\u0117 mokykla. Lituanistin\u0119 mokykl\u0105 lankantys vaikai gauna Lietuvoje pripa\u017e\u012fstam\u0105 pa\u017eym\u0117jim\u0105. Yra galimyb\u0117 mokytis pagal LR bendr\u0105j\u0105 lietuvi\u0173 kalbos program\u0105 arba lituanistinio \u0161vietimo integruot\u0105 program\u0105.&nbsp;<\/span><\/p><p style=\"margin-bottom: 0px; font-stretch: normal; font-size: 17px; line-height: normal; caret-color: #000000; color: #000000;\"><span style=\"font-family: UICTFontTextStyleBody;\"><br><\/span><\/p><p style=\"margin-bottom: 0px; font-stretch: normal; font-size: 17px; line-height: normal; caret-color: #000000; color: #000000;\"><span style=\"font-family: UICTFontTextStyleBody;\">Dar\u017eelis \u012fsik\u016br\u0119s patogioje vietoje tarp Leytono ir Stratfordo metro sto\u010di\u0173, pro \u0161al\u012f va\u017eiuoja mar\u0161rutiniai autobusai. Geras susisiekimas, ramus rajonas, profesionali prie\u017ei\u016bra, kokybi\u0161kas lavinimas, saugi ir jauki aplinka \u2013 tai, ko reikia ir vaikams, ir j\u0173 t\u0117vams.<\/span><\/p>\t\t\t\t\t\t<\/div>\n\t\t\t\t<\/div>\n\t\t\t\t\t<\/div>\n\t\t<\/div>\n\t\t\t\t<div class=\"elementor-column elementor-col-50 elementor-top-column elementor-element elementor-element-bd96f56\" data-id=\"bd96f56\" data-element_type=\"column\">\n\t\t\t<div class=\"elementor-widget-wrap elementor-element-populated\">\n\t\t\t\t\t\t\t\t<div class=\"elementor-element elementor-element-61dc410 elementor-widget elementor-widget-image\" data-id=\"61dc410\" data-element_type=\"widget\" data-widget_type=\"image.default\">\n\t\t\t\t<div class=\"elementor-widget-container\">\n\t\t\t<style>\/*! elementor - v3.7.8 - 02-10-2022 *\/\n.elementor-widget-image{text-align:center}.elementor-widget-image a{display:inline-block}.elementor-widget-image a img[src$=\".svg\"]{width:48px}.elementor-widget-image img{vertical-align:middle;display:inline-block}<\/style>\t\t\t\t\t\t\t\t\t\t\t\t<img width=\"680\" height=\"457\" src=\"https:\/\/obelele.co.uk\/wp-content\/uploads\/2022\/10\/Screenshot-2022-10-10-at-12.25.39.png\" class=\"attachment-large size-large\" alt=\"\" loading=\"lazy\" srcset=\"https:\/\/obelele.co.uk\/wp-content\/uploads\/2022\/10\/Screenshot-2022-10-10-at-12.25.39.png 952w, https:\/\/obelele.co.uk\/wp-content\/uploads\/2022\/10\/Screenshot-2022-10-10-at-12.25.39-300x202.png 300w, https:\/\/obelele.co.uk\/wp-content\/uploads\/2022\/10\/Screenshot-2022-10-10-at-12.25.39-768x516.png 768w\" sizes=\"(max-width: 680px) 100vw, 680px\" \/>\t\t\t\t\t\t\t\t\t\t\t\t\t\t\t<\/div>\n\t\t\t\t<\/div>\n\t\t\t\t\t<\/div>\n\t\t<\/div>\n\t\t\t\t\t\t\t<\/div>\n\t\t<\/section>\n\t\t\t\t\t\t\t<\/div>\n\t\t","protected":false},"excerpt":{"rendered":"<p>T\u0117vai savo vaikams stengiasi suteikti visa, kas geriausia. Kok\u012f dar\u017eel\u012f rinktis, kaip rasti ger\u0105 mokykl\u0105, kur d\u0117ti vaik\u0105 po pamok\u0173 \u2013 \u0161ie klausimai daugeliui sukelia tikr\u0105 galvos skausm\u0105. \u0160iuos ir [&hellip;]<\/p>\n","protected":false},"author":1,"featured_media":0,"parent":0,"menu_order":0,"comment_status":"closed","ping_status":"closed","template":"","meta":{"om_disable_all_campaigns":false,"_monsterinsights_skip_tracking":false,"_monsterinsights_sitenote_active":false,"_monsterinsights_sitenote_note":"","_monsterinsights_sitenote_category":0},"aioseo_notices":[],"_links":{"self":[{"href":"https:\/\/obelele.co.uk\/index.php?rest_route=\/wp\/v2\/pages\/99"}],"collection":[{"href":"https:\/\/obelele.co.uk\/index.php?rest_route=\/wp\/v2\/pages"}],"about":[{"href":"https:\/\/obelele.co.uk\/index.php?rest_route=\/wp\/v2\/types\/page"}],"author":[{"embeddable":true,"href":"https:\/\/obelele.co.uk\/index.php?rest_route=\/wp\/v2\/users\/1"}],"replies":[{"embeddable":true,"href":"https:\/\/obelele.co.uk\/index.php?rest_route=%2Fwp%2Fv2%2Fcomments&post=99"}],"version-history":[{"count":7,"href":"https:\/\/obelele.co.uk\/index.php?rest_route=\/wp\/v2\/pages\/99\/revisions"}],"predecessor-version":[{"id":125,"href":"https:\/\/obelele.co.uk\/index.php?rest_route=\/wp\/v2\/pages\/99\/revisions\/125"}],"wp:attachment":[{"href":"https:\/\/obelele.co.uk\/index.php?rest_route=%2Fwp%2Fv2%2Fmedia&parent=99"}],"curies":[{"name":"wp","href":"https:\/\/api.w.org\/{rel}","templated":true}]}}