{"id":138,"date":"2025-01-09T18:22:23","date_gmt":"2025-01-09T18:22:23","guid":{"rendered":"https:\/\/obelele.co.uk\/?page_id=138"},"modified":"2025-12-17T21:50:03","modified_gmt":"2025-12-17T21:50:03","slug":"smsm-finansavimas","status":"publish","type":"page","link":"https:\/\/obelele.co.uk\/?page_id=138","title":{"rendered":"\u0160MSM finansavimas"},"content":{"rendered":"\t\t<div data-elementor-type=\"wp-page\" data-elementor-id=\"138\" class=\"elementor elementor-138\">\n\t\t\t\t\t\t\t\t\t<section class=\"elementor-section elementor-top-section elementor-element elementor-element-3721d39 elementor-section-boxed elementor-section-height-default elementor-section-height-default\" data-id=\"3721d39\" data-element_type=\"section\">\n\t\t\t\t\t\t<div class=\"elementor-container elementor-column-gap-default\">\n\t\t\t\t\t<div class=\"elementor-column elementor-col-100 elementor-top-column elementor-element elementor-element-d6220cb\" data-id=\"d6220cb\" data-element_type=\"column\">\n\t\t\t<div class=\"elementor-widget-wrap elementor-element-populated\">\n\t\t\t\t\t\t\t\t<div class=\"elementor-element elementor-element-857f776 elementor-widget elementor-widget-text-editor\" data-id=\"857f776\" data-element_type=\"widget\" data-widget_type=\"text-editor.default\">\n\t\t\t\t<div class=\"elementor-widget-container\">\n\t\t\t<style>\/*! elementor - v3.7.8 - 02-10-2022 *\/\n.elementor-widget-text-editor.elementor-drop-cap-view-stacked .elementor-drop-cap{background-color:#818a91;color:#fff}.elementor-widget-text-editor.elementor-drop-cap-view-framed .elementor-drop-cap{color:#818a91;border:3px solid;background-color:transparent}.elementor-widget-text-editor:not(.elementor-drop-cap-view-default) .elementor-drop-cap{margin-top:8px}.elementor-widget-text-editor:not(.elementor-drop-cap-view-default) .elementor-drop-cap-letter{width:1em;height:1em}.elementor-widget-text-editor .elementor-drop-cap{float:left;text-align:center;line-height:1;font-size:50px}.elementor-widget-text-editor .elementor-drop-cap-letter{display:inline-block}<\/style>\t\t\t\t<p style=\"outline-color: currentcolor; outline-style: none;\">2025 \u0160MSM finansavimas 24600 Eur<\/p><p style=\"outline-color: currentcolor; outline-style: none;\">Suma\u017eintas mokestis t\u0117vams ir dalis panaudota atlyginimams padengti.<\/p><p style=\"font-weight: 400;\">2024 \u0160MSM finansavimas 30240 Eur<\/p>\n<p style=\"font-weight: 400;\">Suma\u017eintas mokestis t\u0117vams ir dalis panaudota atlyginimams padengti.<\/p>\n<p style=\"font-weight: 400;\">\n<\/p><p style=\"font-weight: 400;\">2023 \u0160MSM finansavimas 27840 &nbsp;Eur<\/p>\n<p style=\"font-weight: 400;\">Suma\u017eintas mokestis t\u0117vams ir dalis panaudota atlyginimams padengti.&nbsp;<\/p>\t\t\t\t\t\t<\/div>\n\t\t\t\t<\/div>\n\t\t\t\t\t<\/div>\n\t\t<\/div>\n\t\t\t\t\t\t\t<\/div>\n\t\t<\/section>\n\t\t\t\t\t\t\t<\/div>\n\t\t","protected":false},"excerpt":{"rendered":"<p>2025 \u0160MSM finansavimas 24600 Eur Suma\u017eintas mokestis t\u0117vams ir dalis panaudota atlyginimams padengti. 2024 \u0160MSM finansavimas 30240 Eur Suma\u017eintas mokestis t\u0117vams ir dalis panaudota atlyginimams padengti. 2023 \u0160MSM finansavimas 27840 [&hellip;]<\/p>\n","protected":false},"author":1,"featured_media":0,"parent":0,"menu_order":0,"comment_status":"closed","ping_status":"closed","template":"","meta":{"om_disable_all_campaigns":false,"_monsterinsights_skip_tracking":false,"_monsterinsights_sitenote_active":false,"_monsterinsights_sitenote_note":"","_monsterinsights_sitenote_category":0},"aioseo_notices":[],"_links":{"self":[{"href":"https:\/\/obelele.co.uk\/index.php?rest_route=\/wp\/v2\/pages\/138"}],"collection":[{"href":"https:\/\/obelele.co.uk\/index.php?rest_route=\/wp\/v2\/pages"}],"about":[{"href":"https:\/\/obelele.co.uk\/index.php?rest_route=\/wp\/v2\/types\/page"}],"author":[{"embeddable":true,"href":"https:\/\/obelele.co.uk\/index.php?rest_route=\/wp\/v2\/users\/1"}],"replies":[{"embeddable":true,"href":"https:\/\/obelele.co.uk\/index.php?rest_route=%2Fwp%2Fv2%2Fcomments&post=138"}],"version-history":[{"count":8,"href":"https:\/\/obelele.co.uk\/index.php?rest_route=\/wp\/v2\/pages\/138\/revisions"}],"predecessor-version":[{"id":148,"href":"https:\/\/obelele.co.uk\/index.php?rest_route=\/wp\/v2\/pages\/138\/revisions\/148"}],"wp:attachment":[{"href":"https:\/\/obelele.co.uk\/index.php?rest_route=%2Fwp%2Fv2%2Fmedia&parent=138"}],"curies":[{"name":"wp","href":"https:\/\/api.w.org\/{rel}","templated":true}]}}